{"id":5,"date":"2020-07-29T04:24:06","date_gmt":"2020-07-29T04:24:06","guid":{"rendered":"http:\/\/demo.wenthemes.com\/signify\/?page_id=5"},"modified":"2025-06-12T09:18:11","modified_gmt":"2025-06-12T09:18:11","slug":"style-up","status":"publish","type":"page","link":"https:\/\/asteap.com\/index.php\/style-up\/","title":{"rendered":"Per i clienti"},"content":{"rendered":"\n<p>sono i dettagli che  fanno la differenza.<\/p>\n\n\n\n<p><\/p>\n\n\n\n<p>Chi come noi lavora da anni nel mondo della filatelia sa bene che sono i dettagli a fare la differenza, come sa bene anche chi colleziona.<br>Perch\u00e9 collezionare francobolli rari pi\u00f9 che una semplice passione \u00e8 un&#8217;esperienza affascinante, seducente, unica.<br>Per questo abbiamo scelto di offrire ai nostri clienti alcuni servizi con dettagli che fanno la differenza.<br>La nostra \u00e8 una delle pochissime case d&#8217;asta nel mercato filatelico che effettuano le licitazioni e le visioni del materiale direttamente nei propri uffici nel cuore di Milano, in corso di Porta Romana 132.<br>I nostri clienti hanno la possibilit\u00e0 di visionare i lotti direttamente in sede, in un ambiente professionale e riservato dove ricevono assistenza e supporto.<br>Offriamo anche la possibilit\u00e0 di una ricerca sul mercato di pezzi pregiati e di difficile reperimento. Un servizio a trattativa privata riservato al cliente esigente.<br>Non esitare a sottoporci le tue mancoliste, faremo del nostro meglio per consentirti di completare le tue collezioni alle migliori condizioni.<\/p>\n","protected":false},"excerpt":{"rendered":"<p>sono i dettagli che fanno la differenza. Chi come noi lavora da anni nel mondo<\/p>\n<p><a href=\"https:\/\/asteap.com\/index.php\/style-up\/\" class=\"more-link\">Leggi tutto&#8230;<span class=\"screen-reader-text\">Per i clienti<\/span><\/a><\/p>\n","protected":false},"author":1,"featured_media":0,"parent":0,"menu_order":0,"comment_status":"closed","ping_status":"closed","template":"","meta":{"footnotes":""},"class_list":["post-5","page","type-page","status-publish","hentry"],"_links":{"self":[{"href":"https:\/\/asteap.com\/index.php\/wp-json\/wp\/v2\/pages\/5","targetHints":{"allow":["GET"]}}],"collection":[{"href":"https:\/\/asteap.com\/index.php\/wp-json\/wp\/v2\/pages"}],"about":[{"href":"https:\/\/asteap.com\/index.php\/wp-json\/wp\/v2\/types\/page"}],"author":[{"embeddable":true,"href":"https:\/\/asteap.com\/index.php\/wp-json\/wp\/v2\/users\/1"}],"replies":[{"embeddable":true,"href":"https:\/\/asteap.com\/index.php\/wp-json\/wp\/v2\/comments?post=5"}],"version-history":[{"count":6,"href":"https:\/\/asteap.com\/index.php\/wp-json\/wp\/v2\/pages\/5\/revisions"}],"predecessor-version":[{"id":2136,"href":"https:\/\/asteap.com\/index.php\/wp-json\/wp\/v2\/pages\/5\/revisions\/2136"}],"wp:attachment":[{"href":"https:\/\/asteap.com\/index.php\/wp-json\/wp\/v2\/media?parent=5"}],"curies":[{"name":"wp","href":"https:\/\/api.w.org\/{rel}","templated":true}]}}