{"id":1927,"date":"2020-07-29T04:26:14","date_gmt":"2020-07-29T04:26:14","guid":{"rendered":"http:\/\/demo.wenthemes.com\/signify\/?page_id=8"},"modified":"2025-06-12T09:18:11","modified_gmt":"2025-06-12T09:18:11","slug":"fun-travel","status":"publish","type":"page","link":"https:\/\/asteap.com\/index.php\/fun-travel\/","title":{"rendered":"Vendere"},"content":{"rendered":"\n<p>Tutti i vantaggi di affidare ad Auction Phila i tuoi francobolli.<\/p>\n\n\n\n<p>Vendere al meglio francobolli per collezione richiede una profonda competenza nel settore, frutto di un costante lavoro di ricerca.<br>Tramite il nostro impegno riusciamo ad offrire nelle nostre aste costantemente nuovo materiale&nbsp; proveniente da collezionisti, specialisti del settore e divisioni ereditarie.<br>Per questo le vostre propriet\u00e0 filateliche saranno sempre valorizzate al meglio nei nostri cataloghi ed offerte ad una vasta e&nbsp; selezionata clientela consolidata negli anni.<\/p>\n\n\n\n<ul class=\"wp-block-list\"><\/ul>\n\n\n\n<p><strong>Sicurezza<\/strong><\/p>\n\n\n\n<p>Il tuo materiale sar\u00e0 interamente coperto da garanzia assicurativa dal momento del ritiro fino alla consegna al cliente finale, tramite polizza stipulata con la pi\u00f9 antica e prestigiosa compagnia a livello mondiale:&nbsp; i Lloyds.<\/p>\n\n\n\n<ul class=\"wp-block-list\"><\/ul>\n\n\n\n<p>Efficienza<\/p>\n\n\n\n<p>In caso di materiale particolarmente raro e pregiato, la nostra casa d&#8217;aste mette a tua disposizione un servizio di valutazione a domicilio, disponibile grazie alla nostra capillare rete di esperti collaboratori in Italia e all&#8217;estero.<br>Una volta concordato il prezzo di base di ciascun lotto, il venditore ricever\u00e0 una nota di carico e vedr\u00e0 il proprio materiale proposto nella prima asta utile. Dopo 60 giorni dalla data della stessa ricever\u00e0 il pagamento di quanto venduto.<\/p>\n","protected":false},"excerpt":{"rendered":"<p>Tutti i vantaggi di affidare ad Auction Phila i tuoi francobolli. Vendere al meglio francobolli<\/p>\n<p><a href=\"https:\/\/asteap.com\/index.php\/fun-travel\/\" class=\"more-link\">Leggi tutto&#8230;<span class=\"screen-reader-text\">Vendere<\/span><\/a><\/p>\n","protected":false},"author":1,"featured_media":0,"parent":0,"menu_order":0,"comment_status":"closed","ping_status":"closed","template":"","meta":{"footnotes":""},"class_list":["post-1927","page","type-page","status-publish","hentry"],"_links":{"self":[{"href":"https:\/\/asteap.com\/index.php\/wp-json\/wp\/v2\/pages\/1927","targetHints":{"allow":["GET"]}}],"collection":[{"href":"https:\/\/asteap.com\/index.php\/wp-json\/wp\/v2\/pages"}],"about":[{"href":"https:\/\/asteap.com\/index.php\/wp-json\/wp\/v2\/types\/page"}],"author":[{"embeddable":true,"href":"https:\/\/asteap.com\/index.php\/wp-json\/wp\/v2\/users\/1"}],"replies":[{"embeddable":true,"href":"https:\/\/asteap.com\/index.php\/wp-json\/wp\/v2\/comments?post=1927"}],"version-history":[{"count":3,"href":"https:\/\/asteap.com\/index.php\/wp-json\/wp\/v2\/pages\/1927\/revisions"}],"predecessor-version":[{"id":2042,"href":"https:\/\/asteap.com\/index.php\/wp-json\/wp\/v2\/pages\/1927\/revisions\/2042"}],"wp:attachment":[{"href":"https:\/\/asteap.com\/index.php\/wp-json\/wp\/v2\/media?parent=1927"}],"curies":[{"name":"wp","href":"https:\/\/api.w.org\/{rel}","templated":true}]}}